{"id":1816,"date":"2025-10-29T09:04:46","date_gmt":"2025-10-29T08:04:46","guid":{"rendered":"https:\/\/www.eindrucksvoll.at\/?page_id=1816"},"modified":"2026-03-26T11:20:30","modified_gmt":"2026-03-26T10:20:30","slug":"ueber-uns","status":"publish","type":"page","link":"https:\/\/www.eindrucksvoll.at\/index.php\/ueber-uns\/","title":{"rendered":"\u00dcber Uns"},"content":{"rendered":"\t\t<div data-elementor-type=\"wp-page\" data-elementor-id=\"1816\" class=\"elementor elementor-1816\">\n\t\t\t\t<div class=\"elementor-element elementor-element-773ac4e9 e-flex e-con-boxed wpr-particle-no wpr-jarallax-no wpr-parallax-no wpr-sticky-section-no e-con e-parent\" data-id=\"773ac4e9\" data-element_type=\"container\">\n\t\t\t\t\t<div class=\"e-con-inner\">\n\t\t\t\t<div class=\"elementor-element elementor-element-3a0f093e elementor-widget elementor-widget-heading\" data-id=\"3a0f093e\" data-element_type=\"widget\" data-widget_type=\"heading.default\">\n\t\t\t\t\t<h2 class=\"elementor-heading-title elementor-size-default\">\u00dcber Uns<\/h2>\t\t\t\t<\/div>\n\t\t\t\t<div class=\"elementor-element elementor-element-13894dbd elementor-widget elementor-widget-text-editor\" data-id=\"13894dbd\" data-element_type=\"widget\" data-widget_type=\"text-editor.default\">\n\t\t\t\t\t\t\t\t\t<p>Wir verwandeln Ideen in beeindruckende Werbewelten! Als Spezialisten f\u00fcr Werbemittel und Werbetechnik bieten wir Ihnen alles, was Ihr Unternehmen braucht, um sichtbar zu werden und in Erinnerung zu bleiben. Von kreativen Druckl\u00f6sungen, bis hin zu modernen Displaysystemen \u2013 wir machen aus Ihrer Vision ein eindrucksvolles Erlebnis. Verlassen Sie sich auf unser Know-how und unsere Leidenschaft, um Ihre Botschaft nachhaltig in Szene zu setzen.<\/p>\t\t\t\t\t\t\t\t<\/div>\n\t\t\t\t\t<\/div>\n\t\t\t\t<\/div>\n\t\t<div class=\"elementor-element elementor-element-4629d2bd e-flex e-con-boxed wpr-particle-no wpr-jarallax-no wpr-parallax-no wpr-sticky-section-no e-con e-parent\" data-id=\"4629d2bd\" data-element_type=\"container\" data-settings=\"{&quot;background_background&quot;:&quot;classic&quot;,&quot;shape_divider_top&quot;:&quot;arrow&quot;}\">\n\t\t\t\t\t<div class=\"e-con-inner\">\n\t\t\t\t<div class=\"elementor-shape elementor-shape-top\" aria-hidden=\"true\" data-negative=\"false\">\n\t\t\t<svg xmlns=\"http:\/\/www.w3.org\/2000\/svg\" viewBox=\"0 0 700 10\" preserveAspectRatio=\"none\">\n\t<path class=\"elementor-shape-fill\" d=\"M350,10L340,0h20L350,10z\"\/>\n<\/svg>\t\t<\/div>\n\t\t\t\t<div class=\"elementor-element elementor-element-4fa9255c elementor-widget elementor-widget-heading\" data-id=\"4fa9255c\" data-element_type=\"widget\" data-widget_type=\"heading.default\">\n\t\t\t\t\t<h1 class=\"elementor-heading-title elementor-size-default\">Das einDRUCKsvolle Team<\/h1>\t\t\t\t<\/div>\n\t\t\t\t\t<\/div>\n\t\t\t\t<\/div>\n\t\t\t\t<section class=\"elementor-section elementor-top-section elementor-element elementor-element-743ddc1f elementor-section-boxed elementor-section-height-default elementor-section-height-default wpr-particle-no wpr-jarallax-no wpr-parallax-no wpr-sticky-section-no\" data-id=\"743ddc1f\" data-element_type=\"section\" data-settings=\"{&quot;background_background&quot;:&quot;classic&quot;}\">\n\t\t\t\t\t\t<div class=\"elementor-container elementor-column-gap-default\">\n\t\t\t\t\t<div class=\"elementor-column elementor-col-100 elementor-top-column elementor-element elementor-element-220c4c3d\" data-id=\"220c4c3d\" data-element_type=\"column\">\n\t\t\t<div class=\"elementor-widget-wrap elementor-element-populated\">\n\t\t\t\t<div class=\"elementor-element elementor-element-2eca4387 e-con-full e-flex wpr-particle-no wpr-jarallax-no wpr-parallax-no wpr-sticky-section-no e-con e-parent\" data-id=\"2eca4387\" data-element_type=\"container\">\n\t\t<div class=\"elementor-element elementor-element-2229be6c e-con-full e-flex wpr-particle-no wpr-jarallax-no wpr-parallax-no wpr-sticky-section-no e-con e-child\" data-id=\"2229be6c\" data-element_type=\"container\">\n\t\t\t\t<div class=\"elementor-element elementor-element-40ef2c5c elementor-widget elementor-widget-wpr-team-member\" data-id=\"40ef2c5c\" data-element_type=\"widget\" data-widget_type=\"wpr-team-member.default\">\n\t\t\t\t\t\n\t<div class=\"wpr-team-member\">\n\t\t\t\t\t\n\t\t\t<div class=\"wpr-member-media\">\n\t\t\t\t<div class=\"wpr-member-image\">\n\t\t\t\t\t<img decoding=\"async\" src=\"https:\/\/www.eindrucksvoll.at\/wp-content\/uploads\/2025\/10\/Kurt-Saminger.jpg\" alt=\"Kurt Saminger\">\n\t\t\t\t<\/div>\n\t\t\t\t\t\t\t<\/div>\n\t\t\t\t\n\t\t\n\t\t<div class=\"wpr-member-content\">\n\t\t\t<h3 class=\"wpr-member-name\">Kurt Saminger<\/h3>\n\t\t\t\n\t\t\t\t\t\t\t<div class=\"wpr-member-job\">Gesch\u00e4ftsf\u00fchrung<\/div>\n\t\t\t\n\t\t\t\n\t\t\t\t\t\t\n\t\t\t\t\t<\/div>\n\n\t\t\t<\/div>\n\n\t\t\t\t\t<\/div>\n\t\t\t\t<\/div>\n\t\t<div class=\"elementor-element elementor-element-22e20892 e-con-full e-flex wpr-particle-no wpr-jarallax-no wpr-parallax-no wpr-sticky-section-no e-con e-child\" data-id=\"22e20892\" data-element_type=\"container\">\n\t\t\t\t<div class=\"elementor-element elementor-element-4726dc67 elementor-widget elementor-widget-wpr-team-member\" data-id=\"4726dc67\" data-element_type=\"widget\" data-widget_type=\"wpr-team-member.default\">\n\t\t\t\t\t\n\t<div class=\"wpr-team-member\">\n\t\t\t\t\t\n\t\t\t<div class=\"wpr-member-media\">\n\t\t\t\t<div class=\"wpr-member-image\">\n\t\t\t\t\t<img decoding=\"async\" src=\"https:\/\/www.eindrucksvoll.at\/wp-content\/uploads\/2025\/10\/Christian-Seemann.jpg\" alt=\"Christian Seemann\">\n\t\t\t\t<\/div>\n\t\t\t\t\t\t\t<\/div>\n\t\t\t\t\n\t\t\n\t\t<div class=\"wpr-member-content\">\n\t\t\t<h3 class=\"wpr-member-name\">Christian Seemann<\/h3>\n\t\t\t\n\t\t\t\t\t\t\t<div class=\"wpr-member-job\">Gesch\u00e4ftsf\u00fchrung<\/div>\n\t\t\t\n\t\t\t\n\t\t\t\t\t\t\n\t\t\t\t\t<\/div>\n\n\t\t\t<\/div>\n\n\t\t\t\t\t<\/div>\n\t\t\t\t<\/div>\n\t\t\t\t<\/div>\n\t\t<div class=\"elementor-element elementor-element-737bb6b6 e-con-full e-flex wpr-particle-no wpr-jarallax-no wpr-parallax-no wpr-sticky-section-no e-con e-parent\" data-id=\"737bb6b6\" data-element_type=\"container\">\n\t\t<div class=\"elementor-element elementor-element-2e2b7326 e-con-full e-flex wpr-particle-no wpr-jarallax-no wpr-parallax-no wpr-sticky-section-no e-con e-child\" data-id=\"2e2b7326\" data-element_type=\"container\">\n\t\t\t\t<div class=\"elementor-element elementor-element-2e441151 elementor-widget elementor-widget-wpr-team-member\" data-id=\"2e441151\" data-element_type=\"widget\" data-widget_type=\"wpr-team-member.default\">\n\t\t\t\t\t\n\t<div class=\"wpr-team-member\">\n\t\t\t\t\t\n\t\t\t<div class=\"wpr-member-media\">\n\t\t\t\t<div class=\"wpr-member-image\">\n\t\t\t\t\t<img decoding=\"async\" src=\"https:\/\/www.eindrucksvoll.at\/wp-content\/uploads\/2025\/10\/Julia-Magauer.jpg\" alt=\"Julia Magauer\">\n\t\t\t\t<\/div>\n\t\t\t\t\t\t\t<\/div>\n\t\t\t\t\n\t\t\n\t\t<div class=\"wpr-member-content\">\n\t\t\t<h3 class=\"wpr-member-name\">Julia Magauer<\/h3>\n\t\t\t\n\t\t\t\t\t\t\t<div class=\"wpr-member-job\">Administration &amp; Kalkulation<\/div>\n\t\t\t\n\t\t\t\n\t\t\t\t\t\t\n\t\t\t\t\t<\/div>\n\n\t\t\t<\/div>\n\n\t\t\t\t\t<\/div>\n\t\t\t\t<\/div>\n\t\t<div class=\"elementor-element elementor-element-f33a5cc e-con-full e-flex wpr-particle-no wpr-jarallax-no wpr-parallax-no wpr-sticky-section-no e-con e-child\" data-id=\"f33a5cc\" data-element_type=\"container\">\n\t\t\t\t<div class=\"elementor-element elementor-element-6648b4b6 elementor-widget elementor-widget-wpr-team-member\" data-id=\"6648b4b6\" data-element_type=\"widget\" data-widget_type=\"wpr-team-member.default\">\n\t\t\t\t\t\n\t<div class=\"wpr-team-member\">\n\t\t\t\t\t\n\t\t\t<div class=\"wpr-member-media\">\n\t\t\t\t<div class=\"wpr-member-image\">\n\t\t\t\t\t<img decoding=\"async\" src=\"https:\/\/www.eindrucksvoll.at\/wp-content\/uploads\/2025\/10\/Pia-Klein.jpg\" alt=\"Pia Klein\">\n\t\t\t\t<\/div>\n\t\t\t\t\t\t\t<\/div>\n\t\t\t\t\n\t\t\n\t\t<div class=\"wpr-member-content\">\n\t\t\t<h3 class=\"wpr-member-name\">Pia Klein<\/h3>\n\t\t\t\n\t\t\t\t\t\t\t<div class=\"wpr-member-job\">Druckvorstufe, Digitaldruck und Endfertigung<\/div>\n\t\t\t\n\t\t\t\n\t\t\t\t\t\t\n\t\t\t\t\t<\/div>\n\n\t\t\t<\/div>\n\n\t\t\t\t\t<\/div>\n\t\t\t\t<\/div>\n\t\t\t\t<\/div>\n\t\t<div class=\"elementor-element elementor-element-040bae5 e-con-full e-flex wpr-particle-no wpr-jarallax-no wpr-parallax-no wpr-sticky-section-no e-con e-parent\" data-id=\"040bae5\" data-element_type=\"container\">\n\t\t<div class=\"elementor-element elementor-element-63b3237 e-con-full e-flex wpr-particle-no wpr-jarallax-no wpr-parallax-no wpr-sticky-section-no e-con e-child\" data-id=\"63b3237\" data-element_type=\"container\">\n\t\t\t\t<div class=\"elementor-element elementor-element-e791030 elementor-widget elementor-widget-wpr-team-member\" data-id=\"e791030\" data-element_type=\"widget\" data-widget_type=\"wpr-team-member.default\">\n\t\t\t\t\t\n\t<div class=\"wpr-team-member\">\n\t\t\t\t\t\n\t\t\t<div class=\"wpr-member-media\">\n\t\t\t\t<div class=\"wpr-member-image\">\n\t\t\t\t\t<img decoding=\"async\" src=\"https:\/\/www.eindrucksvoll.at\/wp-content\/uploads\/2025\/10\/Susanne-Schobesberger.jpg\" alt=\"Susanne Schobesberger\">\n\t\t\t\t<\/div>\n\t\t\t\t\t\t\t<\/div>\n\t\t\t\t\n\t\t\n\t\t<div class=\"wpr-member-content\">\n\t\t\t<h3 class=\"wpr-member-name\">Susanne Schobesberger<\/h3>\n\t\t\t\n\t\t\t\t\t\t\t<div class=\"wpr-member-job\">Druckvorstufe, Digitaldruck und Endfertigung<\/div>\n\t\t\t\n\t\t\t\n\t\t\t\t\t\t\n\t\t\t\t\t<\/div>\n\n\t\t\t<\/div>\n\n\t\t\t\t\t<\/div>\n\t\t\t\t<\/div>\n\t\t<div class=\"elementor-element elementor-element-e77cd8c e-con-full e-flex wpr-particle-no wpr-jarallax-no wpr-parallax-no wpr-sticky-section-no e-con e-child\" data-id=\"e77cd8c\" data-element_type=\"container\">\n\t\t\t\t<div class=\"elementor-element elementor-element-c847659 elementor-widget elementor-widget-wpr-team-member\" data-id=\"c847659\" data-element_type=\"widget\" data-widget_type=\"wpr-team-member.default\">\n\t\t\t\t\t\n\t<div class=\"wpr-team-member\">\n\t\t\t\t\t\n\t\t\t<div class=\"wpr-member-media\">\n\t\t\t\t<div class=\"wpr-member-image\">\n\t\t\t\t\t<img decoding=\"async\" src=\"https:\/\/www.eindrucksvoll.at\/wp-content\/uploads\/2025\/10\/Sarah-Froeschl.jpg\" alt=\"Sarah Fr\u00f6schl\">\n\t\t\t\t<\/div>\n\t\t\t\t\t\t\t<\/div>\n\t\t\t\t\n\t\t\n\t\t<div class=\"wpr-member-content\">\n\t\t\t<h3 class=\"wpr-member-name\">Sarah Fr\u00f6schl<\/h3>\n\t\t\t\n\t\t\t\t\t\t\t<div class=\"wpr-member-job\">Druckvorstufe, Digitaldruck und Endfertigung<\/div>\n\t\t\t\n\t\t\t\n\t\t\t\t\t\t\n\t\t\t\t\t<\/div>\n\n\t\t\t<\/div>\n\n\t\t\t\t\t<\/div>\n\t\t\t\t<\/div>\n\t\t\t\t<\/div>\n\t\t\t\t\t<\/div>\n\t\t<\/div>\n\t\t\t\t\t<\/div>\n\t\t<\/section>\n\t\t<div class=\"elementor-element elementor-element-28b18ce8 e-flex e-con-boxed wpr-particle-no wpr-jarallax-no wpr-parallax-no wpr-sticky-section-no e-con e-parent\" data-id=\"28b18ce8\" data-element_type=\"container\">\n\t\t\t\t\t<div class=\"e-con-inner\">\n\t\t<div class=\"elementor-element elementor-element-1d0fcc28 e-con-full e-flex wpr-particle-no wpr-jarallax-no wpr-parallax-no wpr-sticky-section-no e-con e-child\" data-id=\"1d0fcc28\" data-element_type=\"container\">\n\t\t\t\t<div class=\"elementor-element elementor-element-56351312 elementor-widget elementor-widget-text-editor\" data-id=\"56351312\" data-element_type=\"widget\" data-widget_type=\"text-editor.default\">\n\t\t\t\t\t\t\t\t\t<p><b>einDRUCKsvoll GmbH<\/b> | Schirmerstra\u00dfe 15 | 4060 Leonding | +43 732 \/ 370 230\u00a0 | <strong><a href=\"mailto:office@eindrucksvoll.at\">office@eindrucksvoll.at<\/a><\/strong><br \/><b>B\u00fcrozeiten<\/b>\u00a0| \u200b\u200bMo-Do: 7.00 &#8211; 12.00 und 12.30 &#8211; 16.00<br \/><strong><span style=\"color: #2f4d62;\"><a style=\"color: #2f4d62;\" href=\"https:\/\/www.eindrucksvoll.at\/index.php\/impressum-2\/\" target=\"_blank\" rel=\"noopener\">Impressum<\/a><\/span><\/strong> | <strong><span style=\"color: #2f4d62;\"><a style=\"color: #2f4d62;\" href=\"https:\/\/www.eindrucksvoll.at\/index.php\/dsgvo-2\/\" target=\"_blank\" rel=\"noopener\">DSGVO<\/a><\/span><\/strong> | <a href=\"https:\/\/www.eindrucksvoll.at\/wp-content\/uploads\/2025\/12\/AGB_grafisches_Gewerbe_2020.pdf\"><strong><span style=\"color: #2f4d62;\">AGB<\/span><\/strong><\/a> | Copyright \u00a9 2025. Alle Rechte vorbehalten.<\/p>\t\t\t\t\t\t\t\t<\/div>\n\t\t\t\t<\/div>\n\t\t<div class=\"elementor-element elementor-element-7053822f e-con-full e-flex wpr-particle-no wpr-jarallax-no wpr-parallax-no wpr-sticky-section-no e-con e-child\" data-id=\"7053822f\" data-element_type=\"container\">\n\t\t\t\t<div class=\"elementor-element elementor-element-604a8a65 elementor-widget elementor-widget-image\" data-id=\"604a8a65\" data-element_type=\"widget\" data-widget_type=\"image.default\">\n\t\t\t\t\t\t\t\t\t\t\t\t\t\t\t<img fetchpriority=\"high\" decoding=\"async\" width=\"737\" height=\"108\" src=\"https:\/\/www.eindrucksvoll.at\/wp-content\/uploads\/2025\/10\/logo_eindrucksvoll.svg\" class=\"attachment-large size-large wp-image-1490\" alt=\"Logo der Firma einDRUCKsvoll\" \/>\t\t\t\t\t\t\t\t\t\t\t\t\t\t\t<\/div>\n\t\t\t\t<\/div>\n\t\t\t\t\t<\/div>\n\t\t\t\t<\/div>\n\t\t\t\t<\/div>\n\t\t","protected":false},"excerpt":{"rendered":"<p>\u00dcber Uns Wir verwandeln Ideen in beeindruckende Werbewelten! Als Spezialisten f\u00fcr Werbemittel und Werbetechnik bieten wir Ihnen alles, was Ihr Unternehmen braucht, um sichtbar zu werden und in Erinnerung zu bleiben. Von kreativen Druckl\u00f6sungen, bis hin zu modernen Displaysystemen \u2013 wir machen aus Ihrer Vision ein eindrucksvolles Erlebnis. Verlassen Sie sich auf unser Know-how und unsere Leidenschaft, um Ihre Botschaft nachhaltig in Szene zu setzen. Das einDRUCKsvolle Team Kurt Saminger Gesch\u00e4ftsf\u00fchrung Christian Seemann Gesch\u00e4ftsf\u00fchrung Julia Magauer Administration &amp; Kalkulation Pia Klein Druckvorstufe, Digitaldruck und Endfertigung Susanne Schobesberger Druckvorstufe, Digitaldruck und Endfertigung Sarah Fr\u00f6schl Druckvorstufe, Digitaldruck und Endfertigung einDRUCKsvoll GmbH | Schirmerstra\u00dfe 15 | 4060 Leonding | +43 732 \/ 370 230\u00a0 | office@eindrucksvoll.atB\u00fcrozeiten\u00a0| \u200b\u200bMo-Do: 7.00 &#8211; 12.00 und 12.30 &#8211; 16.00Impressum | DSGVO | AGB | Copyright \u00a9 2025. Alle Rechte vorbehalten.<\/p>\n","protected":false},"author":5,"featured_media":0,"parent":0,"menu_order":0,"comment_status":"closed","ping_status":"closed","template":"","meta":{"footnotes":""},"class_list":["post-1816","page","type-page","status-publish","hentry"],"_links":{"self":[{"href":"https:\/\/www.eindrucksvoll.at\/index.php\/wp-json\/wp\/v2\/pages\/1816","targetHints":{"allow":["GET"]}}],"collection":[{"href":"https:\/\/www.eindrucksvoll.at\/index.php\/wp-json\/wp\/v2\/pages"}],"about":[{"href":"https:\/\/www.eindrucksvoll.at\/index.php\/wp-json\/wp\/v2\/types\/page"}],"author":[{"embeddable":true,"href":"https:\/\/www.eindrucksvoll.at\/index.php\/wp-json\/wp\/v2\/users\/5"}],"replies":[{"embeddable":true,"href":"https:\/\/www.eindrucksvoll.at\/index.php\/wp-json\/wp\/v2\/comments?post=1816"}],"version-history":[{"count":46,"href":"https:\/\/www.eindrucksvoll.at\/index.php\/wp-json\/wp\/v2\/pages\/1816\/revisions"}],"predecessor-version":[{"id":2130,"href":"https:\/\/www.eindrucksvoll.at\/index.php\/wp-json\/wp\/v2\/pages\/1816\/revisions\/2130"}],"wp:attachment":[{"href":"https:\/\/www.eindrucksvoll.at\/index.php\/wp-json\/wp\/v2\/media?parent=1816"}],"curies":[{"name":"wp","href":"https:\/\/api.w.org\/{rel}","templated":true}]}}