{"id":1912,"date":"2025-10-29T10:56:29","date_gmt":"2025-10-29T09:56:29","guid":{"rendered":"https:\/\/www.eindrucksvoll.at\/?page_id=1912"},"modified":"2025-10-30T07:30:15","modified_gmt":"2025-10-30T06:30:15","slug":"impressum-2","status":"publish","type":"page","link":"https:\/\/www.eindrucksvoll.at\/index.php\/impressum-2\/","title":{"rendered":"Impressum"},"content":{"rendered":"\t\t<div data-elementor-type=\"wp-page\" data-elementor-id=\"1912\" class=\"elementor elementor-1912\">\n\t\t\t\t<div class=\"elementor-element elementor-element-e944289 e-flex e-con-boxed wpr-particle-no wpr-jarallax-no wpr-parallax-no wpr-sticky-section-no e-con e-parent\" data-id=\"e944289\" data-element_type=\"container\">\n\t\t\t\t\t<div class=\"e-con-inner\">\n\t\t\t\t<div class=\"elementor-element elementor-element-ace8989 elementor-widget elementor-widget-heading\" data-id=\"ace8989\" data-element_type=\"widget\" data-widget_type=\"heading.default\">\n\t\t\t\t\t<h2 class=\"elementor-heading-title elementor-size-default\">Impressum<\/h2>\t\t\t\t<\/div>\n\t\t\t\t\t<\/div>\n\t\t\t\t<\/div>\n\t\t<div class=\"elementor-element elementor-element-77bf858b e-flex e-con-boxed wpr-particle-no wpr-jarallax-no wpr-parallax-no wpr-sticky-section-no e-con e-parent\" data-id=\"77bf858b\" data-element_type=\"container\">\n\t\t\t\t\t<div class=\"e-con-inner\">\n\t\t\t\t<div class=\"elementor-element elementor-element-5bfa9dd4 elementor-widget elementor-widget-text-editor\" data-id=\"5bfa9dd4\" data-element_type=\"widget\" data-widget_type=\"text-editor.default\">\n\t\t\t\t\t\t\t\t\t\n<p><strong>Information gem. \u00a7 24 MedienG sowie Anbieterinformationen gem. \u00a7 5 Abs 1 E-Commerce-GesetzFirma\u00a0<br \/><br \/>einDRUCKsvoll GmbH<br \/>Digitaldruck und Werbetechnik<\/strong><br \/><strong>Adresse:\u00a0<\/strong>Schirmerstra\u00dfe 15, 4060 Leonding<br \/><strong>Telefon:<\/strong> 0732 \/ 370230<br \/><strong>E-Mail:\u00a0<\/strong>office@eindrucksvoll.at<br \/><strong>Firmenbuchnummer:<\/strong>\u00a0FN 300499k<br \/><strong>Firmenbuchgericht:\u00a0<\/strong>Landesgericht Linz<br \/><strong>Gr\u00fcndung im Jahr:<\/strong>\u00a02008<\/p>\n\n<p><strong>Unternehmensgegenstand:<\/strong>\u00a0Digitaldruck und Werbetechnik<\/p>\n\n<p><strong>Gesch\u00e4ftsf\u00fchrung:<\/strong><br \/>Kurt Saminger<br \/>Christian Seemann<\/p>\n\n<p><strong>Erkl\u00e4rung \u00fcber die grundlegende inhaltliche Richtung<\/strong><br \/>Pr\u00e4sentation der\u00a0Fa. einDRUCKsvoll GmbH<br \/>Informationen \u00fcber die von der Fa. einDRUCKsvoll GmbH angebotenen Produkte und\u00a0Leistungen<\/p>\n\n<p><strong>Rechtshinweis:<\/strong><br \/>Die Firma einDRUCKsvoll GmbH pr\u00fcft und aktualisiert die Informationen auf ihren Webseiten st\u00e4ndig. Trotz aller Sorgfalt k\u00f6nnen sich die Daten inzwischen ver\u00e4ndert haben. Eine Haftung oder Garantie f\u00fcr die Aktualit\u00e4t, Richtigkeit und Vollst\u00e4ndigkeit der zur Verf\u00fcgung gestellten Informationen kann daher nicht \u00fcbernommen werden. Gleiches gilt auch f\u00fcr alle anderen Websites, auf die mittels Hyperlink verwiesen wird. Das Herstellen von Verbindungen zu derartigen Websites erfolgt auf eigene Gefahr. Die Firma einDRUCKsvoll GmbH ist f\u00fcr den Inhalt der Websites, die aufgrund einer solchen Verbindung erreicht werden, nicht verantwortlich.\u00a0<\/p>\n<p><strong>Lizenzhinweis:<\/strong><br \/>Bild(er) und\/oder Video(s) in Lizenz von Adobe Stock.<br \/>Adobe Stock Nummern nach Seiten:<br \/>Home: YummyBuum <a class=\"spectrum-Link\" href=\"https:\/\/stock.adobe.com\/de\/images\/printing-house-people-typography-workers-with-printer-color-test-copy-center-staff-poster-production-process-teamwork-employee-cartoon-flat-style-isolated-nowaday-vector-concept\/767045912\" target=\"_blank\" rel=\"noopener noreferrer\" data-t=\"license-history-table-row-content-link-EknVVqtDVlToISJKJPLtGRq6lzy7LmLY\">#767045912<\/a> |\u00a0MR CREATOR <a class=\"spectrum-Link\" href=\"https:\/\/stock.adobe.com\/de\/images\/a-woman-taking-an-online-skills-quiz-about-software-proficiency-on-a-laptop\/1241383544\" target=\"_blank\" rel=\"noopener noreferrer\" data-t=\"license-history-table-row-content-link-8FnddoR3yUPfojv4lW6VBPn0nOFjZdCW\">#1241383544<\/a><br \/>Produkte: Alina <a class=\"spectrum-Link\" href=\"https:\/\/stock.adobe.com\/de\/images\/print-house-machine-digital-laser-printer-and-inkjet-plotter-printing-technology-device-printing-large-size-paper-paperwork-workflow-art-studio-copy-center\/838368063\" target=\"_blank\" rel=\"noopener noreferrer\" data-t=\"license-history-table-row-content-link-duZBg99W3XHyTukFiJxcJfwFTZXIpf4K\">#838368063<\/a> | Mocko <a class=\"spectrum-Link\" href=\"https:\/\/stock.adobe.com\/de\/templates\/envelope-with-card-stationery-mockup\/1329985869\" target=\"_blank\" rel=\"noopener noreferrer\" data-t=\"license-history-table-row-content-link-hLEAlJpu6HcQZLTdhkLY1bpN4uuuK0HT\">#1329985869<\/a> | FSEID <a class=\"spectrum-Link\" href=\"https:\/\/stock.adobe.com\/de\/images\/gedrucktes-werbebanner-fur-grossflachige-aussenwerbung\/232250054\" target=\"_blank\" rel=\"noopener noreferrer\" data-t=\"license-history-table-row-content-link-pkzcAGuG4rYgrfLIRSTmZsWiJpcISbao\">#232250054<\/a> | Roverto Castillo <a class=\"spectrum-Link\" href=\"https:\/\/stock.adobe.com\/de\/templates\/flying-banner-mockup\/463166815\" target=\"_blank\" rel=\"noopener noreferrer\" data-t=\"license-history-table-row-content-link-okWHQva977Dlu8Fgz0TxBQa7RPY2CPJ8\">#463166815<\/a> | Grkic Creative <a class=\"spectrum-Link\" href=\"https:\/\/stock.adobe.com\/de\/templates\/roll-up-banner-mockup\/526849845\" target=\"_blank\" rel=\"noopener noreferrer\" data-t=\"license-history-table-row-content-link-NvNsB2SVp4ozOTEMg3xzTaA7Ew4kfZeA\">#526849845<\/a> | Viktor <a class=\"spectrum-Link\" href=\"https:\/\/stock.adobe.com\/de\/images\/a-collection-of-brushes-arranged-on-a-pristine-white-tabletop-brushes-bear-orange-and-blue-paint\/1009561929\" target=\"_blank\" rel=\"noopener noreferrer\" data-t=\"license-history-table-row-content-link-57jeqSRLqwhhDfQxlC2UaoIUsadw6pcd\">#1009561929<\/a><\/p>\n\n<p><strong>Design:<\/strong> Pia Klein<\/p>\n\n<p>\u00a0<\/p>\n\t\t\t\t\t\t\t\t<\/div>\n\t\t\t\t\t<\/div>\n\t\t\t\t<\/div>\n\t\t<div class=\"elementor-element elementor-element-1dda49a e-flex e-con-boxed wpr-particle-no wpr-jarallax-no wpr-parallax-no wpr-sticky-section-no e-con e-parent\" data-id=\"1dda49a\" data-element_type=\"container\">\n\t\t\t\t\t<div class=\"e-con-inner\">\n\t\t<div class=\"elementor-element elementor-element-1e0c1aa1 e-con-full e-flex wpr-particle-no wpr-jarallax-no wpr-parallax-no wpr-sticky-section-no e-con e-child\" data-id=\"1e0c1aa1\" data-element_type=\"container\">\n\t\t\t\t<div class=\"elementor-element elementor-element-330c86e7 elementor-widget elementor-widget-text-editor\" data-id=\"330c86e7\" data-element_type=\"widget\" data-widget_type=\"text-editor.default\">\n\t\t\t\t\t\t\t\t\t<p><b>einDRUCKsvoll GmbH<\/b> | Schirmerstra\u00dfe 15 | 4060 Leonding | +43 732 \/ 370 230\u00a0 | <strong><a href=\"mailto:office@eindrucksvoll.at\">office@eindrucksvoll.at<\/a><\/strong><br \/><b>B\u00fcrozeiten<\/b>\u00a0| \u200b\u200bMo-Do: 7.00 &#8211; 12.00 und 12.30 &#8211; 16.00<br \/><strong><span style=\"color: #2f4d62;\"><a style=\"color: #2f4d62;\" href=\"https:\/\/www.eindrucksvoll.at\/index.php\/impressum-2\/\" target=\"_blank\" rel=\"noopener\">Impressum<\/a><\/span><\/strong> | <strong><span style=\"color: #2f4d62;\"><a style=\"color: #2f4d62;\" href=\"https:\/\/www.eindrucksvoll.at\/index.php\/dsgvo-2\/\" target=\"_blank\" rel=\"noopener\">DSGVO<\/a><\/span><\/strong> | <strong><span style=\"color: #2f4d62;\"><a style=\"color: #2f4d62;\" href=\"https:\/\/www.eindrucksvoll.at\/wp-content\/uploads\/2019\/12\/AGB_grafisches_Gewerbe_2020.pdf\" target=\"_blank\" rel=\"noopener\">AGB<\/a><\/span><\/strong> | Copyright \u00a9 2025. Alle Rechte vorbehalten.<\/p>\t\t\t\t\t\t\t\t<\/div>\n\t\t\t\t<\/div>\n\t\t<div class=\"elementor-element elementor-element-d29f6f5 e-con-full e-flex wpr-particle-no wpr-jarallax-no wpr-parallax-no wpr-sticky-section-no e-con e-child\" data-id=\"d29f6f5\" data-element_type=\"container\">\n\t\t\t\t<div class=\"elementor-element elementor-element-82ddf47 elementor-hidden-mobile elementor-widget elementor-widget-image\" data-id=\"82ddf47\" data-element_type=\"widget\" data-widget_type=\"image.default\">\n\t\t\t\t\t\t\t\t\t\t\t\t\t\t\t<img fetchpriority=\"high\" decoding=\"async\" width=\"737\" height=\"108\" src=\"https:\/\/www.eindrucksvoll.at\/wp-content\/uploads\/2025\/10\/logo_eindrucksvoll.svg\" class=\"attachment-large size-large wp-image-1490\" alt=\"Logo der Firma einDRUCKsvoll\" \/>\t\t\t\t\t\t\t\t\t\t\t\t\t\t\t<\/div>\n\t\t\t\t<\/div>\n\t\t\t\t\t<\/div>\n\t\t\t\t<\/div>\n\t\t\t\t<\/div>\n\t\t","protected":false},"excerpt":{"rendered":"<p>Impressum Information gem. \u00a7 24 MedienG sowie Anbieterinformationen gem. \u00a7 5 Abs 1 E-Commerce-GesetzFirma\u00a0 einDRUCKsvoll GmbHDigitaldruck und WerbetechnikAdresse:\u00a0Schirmerstra\u00dfe 15, 4060 LeondingTelefon: 0732 \/ 370230E-Mail:\u00a0office@eindrucksvoll.atFirmenbuchnummer:\u00a0FN 300499kFirmenbuchgericht:\u00a0Landesgericht LinzGr\u00fcndung im Jahr:\u00a02008 Unternehmensgegenstand:\u00a0Digitaldruck und Werbetechnik Gesch\u00e4ftsf\u00fchrung:Kurt SamingerChristian Seemann Erkl\u00e4rung \u00fcber die grundlegende inhaltliche RichtungPr\u00e4sentation der\u00a0Fa. einDRUCKsvoll GmbHInformationen \u00fcber die von der Fa. einDRUCKsvoll GmbH angebotenen Produkte und\u00a0Leistungen Rechtshinweis:Die Firma einDRUCKsvoll GmbH pr\u00fcft und aktualisiert die Informationen auf ihren Webseiten st\u00e4ndig. Trotz aller Sorgfalt k\u00f6nnen sich die Daten inzwischen ver\u00e4ndert haben. Eine Haftung oder Garantie f\u00fcr die Aktualit\u00e4t, Richtigkeit und Vollst\u00e4ndigkeit der zur Verf\u00fcgung gestellten Informationen kann daher nicht \u00fcbernommen werden. Gleiches gilt auch f\u00fcr alle anderen Websites, auf die mittels Hyperlink verwiesen wird. Das Herstellen von Verbindungen zu derartigen Websites erfolgt auf eigene Gefahr. Die Firma einDRUCKsvoll GmbH ist f\u00fcr den Inhalt der Websites, die aufgrund einer solchen Verbindung erreicht werden, nicht verantwortlich.\u00a0 Lizenzhinweis:Bild(er) und\/oder Video(s) in Lizenz von Adobe Stock.Adobe Stock Nummern nach Seiten:Home: YummyBuum #767045912 |\u00a0MR CREATOR #1241383544Produkte: Alina #838368063 | Mocko #1329985869 | FSEID #232250054 | Roverto Castillo #463166815 | Grkic Creative #526849845 | Viktor #1009561929 Design: Pia Klein \u00a0 einDRUCKsvoll GmbH | Schirmerstra\u00dfe 15 | 4060 Leonding | +43 732 \/ 370 230\u00a0 | office@eindrucksvoll.atB\u00fcrozeiten\u00a0| \u200b\u200bMo-Do: 7.00 &#8211; 12.00 und 12.30 &#8211; 16.00Impressum | DSGVO | AGB | Copyright \u00a9 2025. Alle Rechte vorbehalten.<\/p>\n","protected":false},"author":5,"featured_media":0,"parent":0,"menu_order":0,"comment_status":"closed","ping_status":"closed","template":"","meta":{"footnotes":""},"class_list":["post-1912","page","type-page","status-publish","hentry"],"_links":{"self":[{"href":"https:\/\/www.eindrucksvoll.at\/index.php\/wp-json\/wp\/v2\/pages\/1912","targetHints":{"allow":["GET"]}}],"collection":[{"href":"https:\/\/www.eindrucksvoll.at\/index.php\/wp-json\/wp\/v2\/pages"}],"about":[{"href":"https:\/\/www.eindrucksvoll.at\/index.php\/wp-json\/wp\/v2\/types\/page"}],"author":[{"embeddable":true,"href":"https:\/\/www.eindrucksvoll.at\/index.php\/wp-json\/wp\/v2\/users\/5"}],"replies":[{"embeddable":true,"href":"https:\/\/www.eindrucksvoll.at\/index.php\/wp-json\/wp\/v2\/comments?post=1912"}],"version-history":[{"count":13,"href":"https:\/\/www.eindrucksvoll.at\/index.php\/wp-json\/wp\/v2\/pages\/1912\/revisions"}],"predecessor-version":[{"id":2068,"href":"https:\/\/www.eindrucksvoll.at\/index.php\/wp-json\/wp\/v2\/pages\/1912\/revisions\/2068"}],"wp:attachment":[{"href":"https:\/\/www.eindrucksvoll.at\/index.php\/wp-json\/wp\/v2\/media?parent=1912"}],"curies":[{"name":"wp","href":"https:\/\/api.w.org\/{rel}","templated":true}]}}