{"id":1917,"date":"2025-10-29T11:06:12","date_gmt":"2025-10-29T10:06:12","guid":{"rendered":"https:\/\/www.eindrucksvoll.at\/?page_id=1917"},"modified":"2025-10-30T07:31:43","modified_gmt":"2025-10-30T06:31:43","slug":"dsgvo-2","status":"publish","type":"page","link":"https:\/\/www.eindrucksvoll.at\/index.php\/dsgvo-2\/","title":{"rendered":"DSGVO"},"content":{"rendered":"\t\t<div data-elementor-type=\"wp-page\" data-elementor-id=\"1917\" class=\"elementor elementor-1917\">\n\t\t\t\t<div class=\"elementor-element elementor-element-03d94fa e-flex e-con-boxed wpr-particle-no wpr-jarallax-no wpr-parallax-no wpr-sticky-section-no e-con e-parent\" data-id=\"03d94fa\" data-element_type=\"container\">\n\t\t\t\t\t<div class=\"e-con-inner\">\n\t\t\t\t<div class=\"elementor-element elementor-element-94e3a96 elementor-widget elementor-widget-heading\" data-id=\"94e3a96\" data-element_type=\"widget\" data-widget_type=\"heading.default\">\n\t\t\t\t\t<h2 class=\"elementor-heading-title elementor-size-default\">DSGVO<\/h2>\t\t\t\t<\/div>\n\t\t\t\t\t<\/div>\n\t\t\t\t<\/div>\n\t\t<div class=\"elementor-element elementor-element-406191e2 e-flex e-con-boxed wpr-particle-no wpr-jarallax-no wpr-parallax-no wpr-sticky-section-no e-con e-parent\" data-id=\"406191e2\" data-element_type=\"container\">\n\t\t\t\t\t<div class=\"e-con-inner\">\n\t\t\t\t<div class=\"elementor-element elementor-element-d7ffda5 elementor-widget elementor-widget-text-editor\" data-id=\"d7ffda5\" data-element_type=\"widget\" data-widget_type=\"text-editor.default\">\n\t\t\t\t\t\t\t\t\t\n<h3 class=\"wp-block-heading\">Erkl\u00e4rung zur Informationspflicht<\/h3>\n\n<h4 class=\"wp-block-heading\">(Datenschutzerkl\u00e4rung)\u00a0<\/h4>\n\n<p>Der Schutz Ihrer pers\u00f6nlichen Daten ist uns ein besonderes Anliegen. Wir verarbeiten Ihre Daten daher ausschlie\u00dflich auf Grundlage der gesetzlichen Bestimmungen (DSGVO, TKG 2003). In diesen Datenschutzinformationen informieren wir Sie \u00fcber die wichtigsten Aspekte der Datenverarbeitung im Rahmen unserer Website.<\/p>\n\n<h4 class=\"wp-block-heading\">Kontakt mit uns<\/h4>\n\n<p>Wenn Sie per Formular auf der Website oder per E-Mail Kontakt mit uns aufnehmen, werden Ihre angegebenen Daten zwecks Bearbeitung der Anfrage und f\u00fcr den Fall von Anschlussfragen sechs Monate bei uns gespeichert. Diese Daten geben wir nicht ohne Ihre Einwilligung weiter. \u00a0<\/p>\n\n<h4 class=\"wp-block-heading\">Datenspeicherung<\/h4>\n\n<p>Wir weisen darauf hin, dass zum Zweck des einfacheren Einkaufsvorganges und zur sp\u00e4teren Vertragsabwicklung vom Webshop-Betreiber im Rahmen von Cookies die IP-Daten des Anschlussinhabers gespeichert werden, ebenso wie Name, Anschrift und Kreditkartennummer\u00a0<em>[\u2026]<\/em>\u00a0des K\u00e4ufers. Dar\u00fcber hinaus werden zum Zweck der Vertragsabwicklung folgende Daten auch bei uns gespeichert:\u00a0<em>Firma, Vorname, Zuname, Adresse, E-Mail, UST-ID<\/em>. . Die von Ihnen bereit gestellten Daten sind zur Vertragserf\u00fcllung bzw zur Durchf\u00fchrung vorvertraglicher Ma\u00dfnahmen erforderlich. Ohne diese Daten k\u00f6nnen wir den Vertrag mit Ihnen nicht abschlie\u00dfen. Eine Daten\u00fcbermittlung an Dritte erfolgt nicht, mit Ausnahme der \u00dcbermittlung der Kreditkartendaten an die abwickelnden Bankinstitute \/ Zahlungsdienstleister zum Zwecke der Abbuchung des Einkaufspreises, an das von uns beauftragte Transportunternehmen\/Versandunternehmen zur Zustellung der Ware sowie an unseren Steuerberater zur Erf\u00fcllung unserer steuerrechtlichen Verpflichtungen. Nach Abbruch des Einkaufsvorganges werden die bei uns gespeicherten Daten gel\u00f6scht. Im Falle eines Vertragsabschlusses werden s\u00e4mtliche Daten aus dem Vertragsverh\u00e4ltnis bis zum Ablauf der steuerrechtlichen Aufbewahrungsfrist (7 Jahre) gespeichert. Die Daten Name, Anschrift, gekaufte Waren und Kaufdatum werden dar\u00fcber hinaus bis zum Ablauf der Produkthaftung (10 Jahre) gespeichert.\u00a0 Die Datenverarbeitung erfolgt auf Basis der gesetzlichen Bestimmungen des \u00a7 96 Abs 3 TKG sowie des Art 6 Abs 1 lit a (Einwilligung) und\/oder lit b (notwendig zur Vertragserf\u00fcllung) der DSGVO.<\/p>\n\n<h4 class=\"wp-block-heading\">Datenspeicherung<\/h4>\n\n<p>Wir weisen darauf hin, dass zum Zweck des einfacheren Einkaufsvorganges und zur sp\u00e4teren Vertragsabwicklung vom Webshop-Betreiber im Rahmen von Cookies die IP-Daten des Anschlussinhabers gespeichert werden, ebenso wie Name, Anschrift und Kreditkartennummer\u00a0<em>[\u2026]<\/em>\u00a0des K\u00e4ufers. Dar\u00fcber hinaus werden zum Zweck der Vertragsabwicklung folgende Daten auch bei uns gespeichert:\u00a0<em>Firma, Vorname, Zuname, Adresse, E-Mail, UST-ID<\/em>. . Die von Ihnen bereit gestellten Daten sind zur Vertragserf\u00fcllung bzw zur Durchf\u00fchrung vorvertraglicher Ma\u00dfnahmen erforderlich. Ohne diese Daten k\u00f6nnen wir den Vertrag mit Ihnen nicht abschlie\u00dfen. Eine Daten\u00fcbermittlung an Dritte erfolgt nicht, mit Ausnahme der \u00dcbermittlung der Kreditkartendaten an die abwickelnden Bankinstitute \/ Zahlungsdienstleister zum Zwecke der Abbuchung des Einkaufspreises, an das von uns beauftragte Transportunternehmen\/Versandunternehmen zur Zustellung der Ware sowie an unseren Steuerberater zur Erf\u00fcllung unserer steuerrechtlichen Verpflichtungen. Nach Abbruch des Einkaufsvorganges werden die bei uns gespeicherten Daten gel\u00f6scht. Im Falle eines Vertragsabschlusses werden s\u00e4mtliche Daten aus dem Vertragsverh\u00e4ltnis bis zum Ablauf der steuerrechtlichen Aufbewahrungsfrist (7 Jahre) gespeichert. Die Daten Name, Anschrift, gekaufte Waren und Kaufdatum werden dar\u00fcber hinaus bis zum Ablauf der Produkthaftung (10 Jahre) gespeichert.\u00a0 Die Datenverarbeitung erfolgt auf Basis der gesetzlichen Bestimmungen des \u00a7 96 Abs 3 TKG sowie des Art 6 Abs 1 lit a (Einwilligung) und\/oder lit b (notwendig zur Vertragserf\u00fcllung) der DSGVO.<\/p>\n\n<h4 class=\"wp-block-heading\">Cookies<\/h4>\n\n<p>Unsere Website verwendet so genannte Cookies. Dabei handelt es sich um kleine Textdateien, die mit Hilfe des Browsers auf Ihrem Endger\u00e4t abgelegt werden. Sie richten keinen Schaden an. Wir nutzen Cookies dazu, unser Angebot nutzerfreundlich zu gestalten. Einige Cookies bleiben auf Ihrem Endger\u00e4t gespeichert, bis Sie diese l\u00f6schen. Sie erm\u00f6glichen es uns, Ihren Browser beim n\u00e4chsten Besuch wiederzuerkennen. Wenn Sie dies nicht w\u00fcnschen, so k\u00f6nnen Sie Ihren Browser so einrichten, dass er Sie \u00fcber das Setzen von Cookies informiert und Sie dies nur im Einzelfall erlauben. Bei der Deaktivierung von Cookies kann die Funktionalit\u00e4t unserer Website eingeschr\u00e4nkt sein.<\/p>\n\n<h4 class=\"wp-block-heading\">Newsletter<\/h4>\n\n<p>Sie haben die M\u00f6glichkeit, \u00fcber unsere Website unseren Newsletter zu abonnieren. Hierf\u00fcr ben\u00f6tigen wir Ihre E-Mail-Adresse und ihre Erkl\u00e4rung, dass Sie mit dem Bezug des Newsletters einverstanden sind. Um Sie zielgerichtet mit Informationen zu versorgen, erheben und verarbeiten wir au\u00dferdem freiwillig gemachte Angaben zu Interessengebieten, Geburtstag und Postleitzahl\u00a0<em>[\u2026]<\/em>. Sobald Sie sich f\u00fcr den Newsletter angemeldet haben, senden wir Ihnen ein Best\u00e4tigungs-E-Mail mit einem Link zur Best\u00e4tigung der Anmeldung. Das Abo des Newsletters k\u00f6nnen Sie jederzeit stornieren. Senden Sie Ihre Stornierung bitte an folgende E-Mail-Adresse:\u00a0<em>office@eindrucksvoll.at<\/em>. Wir l\u00f6schen anschlie\u00dfend umgehend Ihre Daten im Zusammenhang mit dem Newsletter-Versand.\u00a0Durch diesen Widerruf wird die Rechtm\u00e4\u00dfigkeit der aufgrund der Zustimmung bis zum Widerruf erfolgten Verarbeitung nicht ber\u00fchrt.<\/p>\n\n<h4 class=\"wp-block-heading\">Ihre Rechte<\/h4>\n\n<p>Ihnen stehen bez\u00fcglich Ihrer bei uns gespeicherten Daten\u00a0grunds\u00e4tzlich die Rechte auf Auskunft, Berichtigung, L\u00f6schung, Einschr\u00e4nkung, Daten\u00fcbertragbarkeit, Widerruf und Widerspruch zu. Wenn Sie glauben, dass die Verarbeitung Ihrer Daten gegen das Datenschutzrecht verst\u00f6\u00dft oder Ihre datenschutzrechtlichen Anspr\u00fcche sonst in einer Weise verletzt worden sind, k\u00f6nnen Sie sich bei der\u00a0uns\u00a0<em>[office@eindrucksvoll.at]<\/em>\u00a0oder der Datenschutzbeh\u00f6rde beschweren.<\/p>\n<h4 class=\"wp-block-heading\">Lizenzhinweis<\/h4>\n<p>Bild(er) und\/oder Video(s) in Lizenz von Adobe Stock.<br \/>Adobe Stock Nummern nach Seiten:<br \/>Home: YummyBuum <a class=\"spectrum-Link\" href=\"https:\/\/stock.adobe.com\/de\/images\/printing-house-people-typography-workers-with-printer-color-test-copy-center-staff-poster-production-process-teamwork-employee-cartoon-flat-style-isolated-nowaday-vector-concept\/767045912\" target=\"_blank\" rel=\"noopener noreferrer\" data-t=\"license-history-table-row-content-link-EknVVqtDVlToISJKJPLtGRq6lzy7LmLY\">#767045912<\/a> |\u00a0MR CREATOR <a class=\"spectrum-Link\" href=\"https:\/\/stock.adobe.com\/de\/images\/a-woman-taking-an-online-skills-quiz-about-software-proficiency-on-a-laptop\/1241383544\" target=\"_blank\" rel=\"noopener noreferrer\" data-t=\"license-history-table-row-content-link-8FnddoR3yUPfojv4lW6VBPn0nOFjZdCW\">#1241383544<\/a><br \/>Produkte: Alina <a class=\"spectrum-Link\" href=\"https:\/\/stock.adobe.com\/de\/images\/print-house-machine-digital-laser-printer-and-inkjet-plotter-printing-technology-device-printing-large-size-paper-paperwork-workflow-art-studio-copy-center\/838368063\" target=\"_blank\" rel=\"noopener noreferrer\" data-t=\"license-history-table-row-content-link-duZBg99W3XHyTukFiJxcJfwFTZXIpf4K\">#838368063<\/a> | Mocko <a class=\"spectrum-Link\" href=\"https:\/\/stock.adobe.com\/de\/templates\/envelope-with-card-stationery-mockup\/1329985869\" target=\"_blank\" rel=\"noopener noreferrer\" data-t=\"license-history-table-row-content-link-hLEAlJpu6HcQZLTdhkLY1bpN4uuuK0HT\">#1329985869<\/a> | FSEID <a class=\"spectrum-Link\" href=\"https:\/\/stock.adobe.com\/de\/images\/gedrucktes-werbebanner-fur-grossflachige-aussenwerbung\/232250054\" target=\"_blank\" rel=\"noopener noreferrer\" data-t=\"license-history-table-row-content-link-pkzcAGuG4rYgrfLIRSTmZsWiJpcISbao\">#232250054<\/a> | Roverto Castillo <a class=\"spectrum-Link\" href=\"https:\/\/stock.adobe.com\/de\/templates\/flying-banner-mockup\/463166815\" target=\"_blank\" rel=\"noopener noreferrer\" data-t=\"license-history-table-row-content-link-okWHQva977Dlu8Fgz0TxBQa7RPY2CPJ8\">#463166815<\/a> | Grkic Creative <a class=\"spectrum-Link\" href=\"https:\/\/stock.adobe.com\/de\/templates\/roll-up-banner-mockup\/526849845\" target=\"_blank\" rel=\"noopener noreferrer\" data-t=\"license-history-table-row-content-link-NvNsB2SVp4ozOTEMg3xzTaA7Ew4kfZeA\">#526849845<\/a> | Viktor <a class=\"spectrum-Link\" href=\"https:\/\/stock.adobe.com\/de\/images\/a-collection-of-brushes-arranged-on-a-pristine-white-tabletop-brushes-bear-orange-and-blue-paint\/1009561929\" target=\"_blank\" rel=\"noopener noreferrer\" data-t=\"license-history-table-row-content-link-57jeqSRLqwhhDfQxlC2UaoIUsadw6pcd\">#1009561929<\/a><\/p>\n\n<h4 class=\"wp-block-heading\">\u00a0<\/h4>\n<h4 class=\"wp-block-heading\">Sie erreichen uns unter folgenden Kontaktdaten:<\/h4>\n\n<p><strong>einDRUCKsvoll GmbH<\/strong><br \/>Schirmerstrasse 15, 4060 Leonding, AUSTRIA\u00a0<br \/><br \/>Tel: 0732-37 02 30 &#8211; 0, Fax: 0732-37 02 30 &#8211; 900<br \/>e-mail: <a href=\"mailto:office@eindrucksvoll.at\">office@eindrucksvoll.at<\/a><br \/><br \/>Firmenbuchnummer: FN 300499k, UID Nr.: ATU.63712637,\u00a0Gerichtsstand: Linz; Es gelten die\u00a0<a href=\"https:\/\/www.eindrucksvoll.at\/wp-content\/uploads\/2019\/12\/AGB_grafisches_Gewerbe_2020.pdf\" data-type=\"attachment\" data-id=\"596\">AGB&#8217;s f\u00fcr das graf. Gewerbe<\/a>.<\/p>\n\n<p>\u00a0<\/p>\n\t\t\t\t\t\t\t\t<\/div>\n\t\t\t\t\t<\/div>\n\t\t\t\t<\/div>\n\t\t<div class=\"elementor-element elementor-element-60194832 e-flex e-con-boxed wpr-particle-no wpr-jarallax-no wpr-parallax-no wpr-sticky-section-no e-con e-parent\" data-id=\"60194832\" data-element_type=\"container\">\n\t\t\t\t\t<div class=\"e-con-inner\">\n\t\t<div class=\"elementor-element elementor-element-7830a118 e-con-full e-flex wpr-particle-no wpr-jarallax-no wpr-parallax-no wpr-sticky-section-no e-con e-child\" data-id=\"7830a118\" data-element_type=\"container\">\n\t\t\t\t<div class=\"elementor-element elementor-element-288f2b13 elementor-widget elementor-widget-text-editor\" data-id=\"288f2b13\" data-element_type=\"widget\" data-widget_type=\"text-editor.default\">\n\t\t\t\t\t\t\t\t\t<p><b>einDRUCKsvoll GmbH<\/b> | Schirmerstra\u00dfe 15 | 4060 Leonding | +43 732 \/ 370 230\u00a0 | <strong><a href=\"mailto:office@eindrucksvoll.at\">office@eindrucksvoll.at<\/a><\/strong><br \/><b>B\u00fcrozeiten<\/b>\u00a0| \u200b\u200bMo-Do: 7.00 &#8211; 12.00 und 12.30 &#8211; 16.00<br \/><strong><span style=\"color: #2f4d62;\"><a style=\"color: #2f4d62;\" href=\"https:\/\/www.eindrucksvoll.at\/index.php\/impressum-2\/\" target=\"_blank\" rel=\"noopener\">Impressum<\/a><\/span><\/strong> | <strong><span style=\"color: #2f4d62;\"><a style=\"color: #2f4d62;\" href=\"https:\/\/www.eindrucksvoll.at\/index.php\/dsgvo-2\/\" target=\"_blank\" rel=\"noopener\">DSGVO<\/a><\/span><\/strong> | <strong><span style=\"color: #2f4d62;\"><a style=\"color: #2f4d62;\" href=\"https:\/\/www.eindrucksvoll.at\/wp-content\/uploads\/2019\/12\/AGB_grafisches_Gewerbe_2020.pdf\" target=\"_blank\" rel=\"noopener\">AGB<\/a><\/span><\/strong> | Copyright \u00a9 2025. Alle Rechte vorbehalten.<\/p>\t\t\t\t\t\t\t\t<\/div>\n\t\t\t\t<\/div>\n\t\t<div class=\"elementor-element elementor-element-564398cf e-con-full e-flex wpr-particle-no wpr-jarallax-no wpr-parallax-no wpr-sticky-section-no e-con e-child\" data-id=\"564398cf\" data-element_type=\"container\">\n\t\t\t\t<div class=\"elementor-element elementor-element-48995007 elementor-hidden-mobile elementor-widget elementor-widget-image\" data-id=\"48995007\" data-element_type=\"widget\" data-widget_type=\"image.default\">\n\t\t\t\t\t\t\t\t\t\t\t\t\t\t\t<img fetchpriority=\"high\" decoding=\"async\" width=\"737\" height=\"108\" src=\"https:\/\/www.eindrucksvoll.at\/wp-content\/uploads\/2025\/10\/logo_eindrucksvoll.svg\" class=\"attachment-large size-large wp-image-1490\" alt=\"Logo der Firma einDRUCKsvoll\" \/>\t\t\t\t\t\t\t\t\t\t\t\t\t\t\t<\/div>\n\t\t\t\t<\/div>\n\t\t\t\t\t<\/div>\n\t\t\t\t<\/div>\n\t\t\t\t<\/div>\n\t\t","protected":false},"excerpt":{"rendered":"<p>DSGVO Erkl\u00e4rung zur Informationspflicht (Datenschutzerkl\u00e4rung)\u00a0 Der Schutz Ihrer pers\u00f6nlichen Daten ist uns ein besonderes Anliegen. Wir verarbeiten Ihre Daten daher ausschlie\u00dflich auf Grundlage der gesetzlichen Bestimmungen (DSGVO, TKG 2003). In diesen Datenschutzinformationen informieren wir Sie \u00fcber die wichtigsten Aspekte der Datenverarbeitung im Rahmen unserer Website. Kontakt mit uns Wenn Sie per Formular auf der Website oder per E-Mail Kontakt mit uns aufnehmen, werden Ihre angegebenen Daten zwecks Bearbeitung der Anfrage und f\u00fcr den Fall von Anschlussfragen sechs Monate bei uns gespeichert. Diese Daten geben wir nicht ohne Ihre Einwilligung weiter. \u00a0 Datenspeicherung Wir weisen darauf hin, dass zum Zweck des einfacheren Einkaufsvorganges und zur sp\u00e4teren Vertragsabwicklung vom Webshop-Betreiber im Rahmen von Cookies die IP-Daten des Anschlussinhabers gespeichert werden, ebenso wie Name, Anschrift und Kreditkartennummer\u00a0[\u2026]\u00a0des K\u00e4ufers. Dar\u00fcber hinaus werden zum Zweck der Vertragsabwicklung folgende Daten auch bei uns gespeichert:\u00a0Firma, Vorname, Zuname, Adresse, E-Mail, UST-ID. . Die von Ihnen bereit gestellten Daten sind zur Vertragserf\u00fcllung bzw zur Durchf\u00fchrung vorvertraglicher Ma\u00dfnahmen erforderlich. Ohne diese Daten k\u00f6nnen wir den Vertrag mit Ihnen nicht abschlie\u00dfen. Eine Daten\u00fcbermittlung an Dritte erfolgt nicht, mit Ausnahme der \u00dcbermittlung der Kreditkartendaten an die abwickelnden Bankinstitute \/ Zahlungsdienstleister zum Zwecke der Abbuchung des Einkaufspreises, an das von uns beauftragte Transportunternehmen\/Versandunternehmen zur Zustellung der Ware sowie an unseren Steuerberater zur Erf\u00fcllung unserer steuerrechtlichen Verpflichtungen. Nach Abbruch des Einkaufsvorganges werden die bei uns gespeicherten Daten gel\u00f6scht. Im Falle eines Vertragsabschlusses werden s\u00e4mtliche Daten aus dem Vertragsverh\u00e4ltnis bis zum Ablauf der steuerrechtlichen Aufbewahrungsfrist (7 Jahre) gespeichert. Die Daten Name, Anschrift, gekaufte Waren und Kaufdatum werden dar\u00fcber hinaus bis zum Ablauf der Produkthaftung (10 Jahre) gespeichert.\u00a0 Die Datenverarbeitung erfolgt auf Basis der gesetzlichen Bestimmungen des \u00a7 96 Abs 3 TKG sowie des Art 6 Abs 1 lit a (Einwilligung) und\/oder lit b (notwendig zur Vertragserf\u00fcllung) der DSGVO. Datenspeicherung Wir weisen darauf hin, dass zum Zweck des einfacheren Einkaufsvorganges und zur sp\u00e4teren Vertragsabwicklung vom Webshop-Betreiber im Rahmen von Cookies die IP-Daten des Anschlussinhabers gespeichert werden, ebenso wie Name, Anschrift und Kreditkartennummer\u00a0[\u2026]\u00a0des K\u00e4ufers. Dar\u00fcber hinaus werden zum Zweck der Vertragsabwicklung folgende Daten auch bei uns gespeichert:\u00a0Firma, Vorname, Zuname, Adresse, E-Mail, UST-ID. . Die von Ihnen bereit gestellten Daten sind zur Vertragserf\u00fcllung bzw zur Durchf\u00fchrung vorvertraglicher Ma\u00dfnahmen erforderlich. Ohne diese Daten k\u00f6nnen wir den Vertrag mit Ihnen nicht abschlie\u00dfen. Eine Daten\u00fcbermittlung an Dritte erfolgt nicht, mit Ausnahme der \u00dcbermittlung der Kreditkartendaten an die abwickelnden Bankinstitute \/ Zahlungsdienstleister zum Zwecke der Abbuchung des Einkaufspreises, an das von uns beauftragte Transportunternehmen\/Versandunternehmen zur Zustellung der Ware sowie an unseren Steuerberater zur Erf\u00fcllung unserer steuerrechtlichen Verpflichtungen. Nach Abbruch des Einkaufsvorganges werden die bei uns gespeicherten Daten gel\u00f6scht. Im Falle eines Vertragsabschlusses werden s\u00e4mtliche Daten aus dem Vertragsverh\u00e4ltnis bis zum Ablauf der steuerrechtlichen Aufbewahrungsfrist (7 Jahre) gespeichert. Die Daten Name, Anschrift, gekaufte Waren und Kaufdatum werden dar\u00fcber hinaus bis zum Ablauf der Produkthaftung (10 Jahre) gespeichert.\u00a0 Die Datenverarbeitung erfolgt auf Basis der gesetzlichen Bestimmungen des \u00a7 96 Abs 3 TKG sowie des Art 6 Abs 1 lit a (Einwilligung) und\/oder lit b (notwendig zur Vertragserf\u00fcllung) der DSGVO. Cookies Unsere Website verwendet so genannte Cookies. Dabei handelt es sich um kleine Textdateien, die mit Hilfe des Browsers auf Ihrem Endger\u00e4t abgelegt werden. Sie richten keinen Schaden an. Wir nutzen Cookies dazu, unser Angebot nutzerfreundlich zu gestalten. Einige Cookies bleiben auf Ihrem Endger\u00e4t gespeichert, bis Sie diese l\u00f6schen. Sie erm\u00f6glichen es uns, Ihren Browser beim n\u00e4chsten Besuch wiederzuerkennen. Wenn Sie dies nicht w\u00fcnschen, so k\u00f6nnen Sie Ihren Browser so einrichten, dass er Sie \u00fcber das Setzen von Cookies informiert und Sie dies nur im Einzelfall erlauben. Bei der Deaktivierung von Cookies kann die Funktionalit\u00e4t unserer Website eingeschr\u00e4nkt sein. Newsletter Sie haben die M\u00f6glichkeit, \u00fcber unsere Website unseren Newsletter zu abonnieren. Hierf\u00fcr ben\u00f6tigen wir Ihre E-Mail-Adresse und ihre Erkl\u00e4rung, dass Sie mit dem Bezug des Newsletters einverstanden sind. Um Sie zielgerichtet mit Informationen zu versorgen, erheben und verarbeiten wir au\u00dferdem freiwillig gemachte Angaben zu Interessengebieten, Geburtstag und Postleitzahl\u00a0[\u2026]. Sobald Sie sich f\u00fcr den Newsletter angemeldet haben, senden wir Ihnen ein Best\u00e4tigungs-E-Mail mit einem Link zur Best\u00e4tigung der Anmeldung. Das Abo des Newsletters k\u00f6nnen Sie jederzeit stornieren. Senden Sie Ihre Stornierung bitte an folgende E-Mail-Adresse:\u00a0office@eindrucksvoll.at. Wir l\u00f6schen anschlie\u00dfend umgehend Ihre Daten im Zusammenhang mit dem Newsletter-Versand.\u00a0Durch diesen Widerruf wird die Rechtm\u00e4\u00dfigkeit der aufgrund der Zustimmung bis zum Widerruf erfolgten Verarbeitung nicht ber\u00fchrt. Ihre Rechte Ihnen stehen bez\u00fcglich Ihrer bei uns gespeicherten Daten\u00a0grunds\u00e4tzlich die Rechte auf Auskunft, Berichtigung, L\u00f6schung, Einschr\u00e4nkung, Daten\u00fcbertragbarkeit, Widerruf und Widerspruch zu. Wenn Sie glauben, dass die Verarbeitung Ihrer Daten gegen das Datenschutzrecht verst\u00f6\u00dft oder Ihre datenschutzrechtlichen Anspr\u00fcche sonst in einer Weise verletzt worden sind, k\u00f6nnen Sie sich bei der\u00a0uns\u00a0[office@eindrucksvoll.at]\u00a0oder der Datenschutzbeh\u00f6rde beschweren. Lizenzhinweis Bild(er) und\/oder Video(s) in Lizenz von Adobe Stock.Adobe Stock Nummern nach Seiten:Home: YummyBuum #767045912 |\u00a0MR CREATOR #1241383544Produkte: Alina #838368063 | Mocko #1329985869 | FSEID #232250054 | Roverto Castillo #463166815 | Grkic Creative #526849845 | Viktor #1009561929 \u00a0 Sie erreichen uns unter folgenden Kontaktdaten: einDRUCKsvoll GmbHSchirmerstrasse 15, 4060 Leonding, AUSTRIA\u00a0 Tel: 0732-37 02 30 &#8211; 0, Fax: 0732-37 02 30 &#8211; 900e-mail: office@eindrucksvoll.at Firmenbuchnummer: FN 300499k, UID Nr.: ATU.63712637,\u00a0Gerichtsstand: Linz; Es gelten die\u00a0AGB&#8217;s f\u00fcr das graf. Gewerbe. \u00a0 einDRUCKsvoll GmbH | Schirmerstra\u00dfe 15 | 4060 Leonding | +43 732 \/ 370 230\u00a0 | office@eindrucksvoll.atB\u00fcrozeiten\u00a0| \u200b\u200bMo-Do: 7.00 &#8211; 12.00 und 12.30 &#8211; 16.00Impressum | DSGVO | AGB | Copyright \u00a9 2025. Alle Rechte vorbehalten.<\/p>\n","protected":false},"author":5,"featured_media":0,"parent":0,"menu_order":0,"comment_status":"closed","ping_status":"closed","template":"","meta":{"footnotes":""},"class_list":["post-1917","page","type-page","status-publish","hentry"],"_links":{"self":[{"href":"https:\/\/www.eindrucksvoll.at\/index.php\/wp-json\/wp\/v2\/pages\/1917","targetHints":{"allow":["GET"]}}],"collection":[{"href":"https:\/\/www.eindrucksvoll.at\/index.php\/wp-json\/wp\/v2\/pages"}],"about":[{"href":"https:\/\/www.eindrucksvoll.at\/index.php\/wp-json\/wp\/v2\/types\/page"}],"author":[{"embeddable":true,"href":"https:\/\/www.eindrucksvoll.at\/index.php\/wp-json\/wp\/v2\/users\/5"}],"replies":[{"embeddable":true,"href":"https:\/\/www.eindrucksvoll.at\/index.php\/wp-json\/wp\/v2\/comments?post=1917"}],"version-history":[{"count":7,"href":"https:\/\/www.eindrucksvoll.at\/index.php\/wp-json\/wp\/v2\/pages\/1917\/revisions"}],"predecessor-version":[{"id":2071,"href":"https:\/\/www.eindrucksvoll.at\/index.php\/wp-json\/wp\/v2\/pages\/1917\/revisions\/2071"}],"wp:attachment":[{"href":"https:\/\/www.eindrucksvoll.at\/index.php\/wp-json\/wp\/v2\/media?parent=1917"}],"curies":[{"name":"wp","href":"https:\/\/api.w.org\/{rel}","templated":true}]}}